{"id":908,"date":"2025-02-05T07:15:54","date_gmt":"2025-02-05T07:15:54","guid":{"rendered":"https:\/\/www.villasjotorp.se\/contact-us\/"},"modified":"2026-04-22T21:47:12","modified_gmt":"2026-04-22T21:47:12","slug":"contact-us","status":"publish","type":"page","link":"https:\/\/www.villasjotorp.se\/en\/contact-us\/","title":{"rendered":"Contact us"},"content":{"rendered":"<p>[et_pb_section fb_built=&#8221;1&#8243; _builder_version=&#8221;4.27.6&#8243; _module_preset=&#8221;default&#8221; background_image=&#8221;https:\/\/www.villasjotorp.se\/wp-content\/uploads\/2025\/02\/Bar-o-gradde-1-24&#215;9-1.png&#8221; min_height=&#8221;50vh&#8221; global_colors_info=&#8221;{}&#8221;][et_pb_row column_structure=&#8221;1_2,1_2&#8243; _builder_version=&#8221;4.27.6&#8243; _module_preset=&#8221;default&#8221; positioning=&#8221;absolute&#8221; position_origin_a=&#8221;center_center&#8221; max_width=&#8221;2560px&#8221; global_colors_info=&#8221;{}&#8221;][et_pb_column type=&#8221;1_2&#8243; _builder_version=&#8221;4.27.6&#8243; _module_preset=&#8221;default&#8221; global_colors_info=&#8221;{}&#8221;][et_pb_text _builder_version=&#8221;4.27.4&#8243; _module_preset=&#8221;default&#8221; header_font=&#8221;Abhaya Libre|700|||||||&#8221; header_text_align=&#8221;left&#8221; header_text_color=&#8221;#517245&#8243; header_font_size=&#8221;70px&#8221; positioning=&#8221;absolute&#8221; position_origin_a=&#8221;center_center&#8221; width=&#8221;100%&#8221; global_colors_info=&#8221;{}&#8221;]<\/p>\n<h1 style=\"text-align: left;\">Contact us<\/h1>\n<p>[\/et_pb_text][\/et_pb_column][et_pb_column type=&#8221;1_2&#8243; _builder_version=&#8221;4.27.6&#8243; _module_preset=&#8221;default&#8221; global_colors_info=&#8221;{}&#8221;][\/et_pb_column][\/et_pb_row][\/et_pb_section][et_pb_section fb_built=&#8221;1&#8243; _builder_version=&#8221;4.27.6&#8243; _module_preset=&#8221;default&#8221; background_color=&#8221;#b3c3ac&#8221; custom_padding=&#8221;30px||30px|||&#8221; global_colors_info=&#8221;{}&#8221;][et_pb_row _builder_version=&#8221;4.27.6&#8243; _module_preset=&#8221;default&#8221; max_width=&#8221;2560px&#8221; custom_padding=&#8221;0px|||||&#8221; global_colors_info=&#8221;{}&#8221; column_structure=&#8221;2_5,3_5&#8243;][et_pb_column type=&#8221;2_5&#8243; _builder_version=&#8221;4.27.3&#8243; _module_preset=&#8221;default&#8221; global_colors_info=&#8221;{}&#8221;][et_pb_text _builder_version=&#8221;4.27.6&#8243; _module_preset=&#8221;default&#8221; text_font=&#8221;Times New Roman||||||||&#8221; text_text_color=&#8221;#FFFFFF&#8221; text_font_size=&#8221;24px&#8221; width=&#8221;100%&#8221; custom_margin=&#8221;8px||||false|false&#8221; hover_enabled=&#8221;0&#8243; text_font_size_tablet=&#8221;24px&#8221; text_font_size_phone=&#8221;18px&#8221; text_font_size_last_edited=&#8221;on|desktop&#8221; global_colors_info=&#8221;{}&#8221; sticky_enabled=&#8221;0&#8243;]<\/p>\n<p style=\"text-align: center;\"><strong>Email:<br \/><\/strong> <span style=\"text-decoration: underline;\"><span style=\"color: #ffffff;\"><a href=\"mailto:Info@www.villasjotorp.se\" style=\"color: #ffffff; text-decoration: underline;\">Info@www.villasjotorp.se<\/a><\/span><\/span><\/p>\n<p style=\"text-align: center;\"><strong>Phone:<\/strong><br \/>0522-20174<\/p>\n<p style=\"text-align: center;\"><strong>Visiting address:<\/strong><br \/><span>Dirhuvudsv\u00e4gen, Lyckorna<\/span><\/p>\n<p style=\"text-align: center;\"><strong>Postal address:<\/strong><br \/><span>Sj\u00f6torpsv\u00e4gen 5<br \/>459 33 Ljungskile<\/span><\/p>\n<p style=\"text-align: center;\"><span><\/span><\/p>\n<p>[\/et_pb_text][\/et_pb_column][et_pb_column type=&#8221;3_5&#8243; _builder_version=&#8221;4.27.3&#8243; _module_preset=&#8221;default&#8221; global_colors_info=&#8221;{}&#8221;][et_pb_text _builder_version=&#8221;4.27.6&#8243; _module_preset=&#8221;default&#8221; text_text_color=&#8221;#FFFFFF&#8221; text_font=&#8221;Times New Roman|700|||||||&#8221; header_2_text_color=&#8221;#FFFFFF&#8221; header_2_font=&#8221;|800|||||||&#8221; header_2_font_size=&#8221;30px&#8221; hover_enabled=&#8221;0&#8243; sticky_enabled=&#8221;0&#8243; header_3_text_color=&#8221;#FFFFFF&#8221; header_3_font=&#8221;|800|||||||&#8221;]<\/p>\n<h2>Find here<\/h2>\n<p>When traveling by car and driving the E6, take the Ljungskile S exit and follow the signs towards Lyckorna and then towards Villa Sj\u00f6torp.<br \/>Please note that the visitor address is not the same as the postal address, so please use the road signs.<\/p>\n<h3>Trains &amp; Buses<\/h3>\n<p>If you are traveling by train or bus, it is good to plan your trip with https:\/\/www.vasttrafik.se<\/p>\n<p>There are several connecting buses that go to the stop about 300 meters from here, otherwise you can choose Ljungskile as your destination and then walk here.<\/p>\n<p>From Ljungskile: Walk along the sea, about 30 minutes until you reach the stairs leading up to Villa Sj\u00f6torp. There is also a paved walking path next to the road. <\/p>\n<p>[\/et_pb_text][\/et_pb_column][\/et_pb_row][\/et_pb_section]<\/p>\n","protected":false},"excerpt":{"rendered":"<p>Contact usEmail: Info@www.villasjotorp.se Phone:0522-20174 Visiting address:Dirhuvudsv\u00e4gen, Lyckorna Postal address:Sj\u00f6torpsv\u00e4gen 5459 33 Ljungskile Find here When traveling by car and driving the E6, take the Ljungskile S exit and follow the signs towards Lyckorna and then towards Villa Sj\u00f6torp.Please note that the visitor address is not the same as the postal address, so please use the [&hellip;]<\/p>\n","protected":false},"author":1,"featured_media":0,"parent":0,"menu_order":0,"comment_status":"closed","ping_status":"closed","template":"","meta":{"_acf_changed":false,"_et_pb_use_builder":"on","_et_pb_old_content":"","_et_gb_content_width":"","footnotes":""},"class_list":["post-908","page","type-page","status-publish","hentry"],"acf":[],"yoast_head":"<!-- This site is optimized with the Yoast SEO plugin v27.3 - https:\/\/yoast.com\/product\/yoast-seo-wordpress\/ -->\n<title>Contact us - Villa Sj\u00f6torp<\/title>\n<meta name=\"robots\" content=\"index, follow, max-snippet:-1, max-image-preview:large, max-video-preview:-1\" \/>\n<link rel=\"canonical\" href=\"https:\/\/www.villasjotorp.se\/en\/contact-us\/\" \/>\n<meta property=\"og:locale\" content=\"en_US\" \/>\n<meta property=\"og:type\" content=\"article\" \/>\n<meta property=\"og:title\" content=\"Contact us - Villa Sj\u00f6torp\" \/>\n<meta property=\"og:description\" content=\"Contact usEmail: Info@www.villasjotorp.se Phone:0522-20174 Visiting address:Dirhuvudsv\u00e4gen, Lyckorna Postal address:Sj\u00f6torpsv\u00e4gen 5459 33 Ljungskile Find here When traveling by car and driving the E6, take the Ljungskile S exit and follow the signs towards Lyckorna and then towards Villa Sj\u00f6torp.Please note that the visitor address is not the same as the postal address, so please use the [&hellip;]\" \/>\n<meta property=\"og:url\" content=\"https:\/\/www.villasjotorp.se\/en\/contact-us\/\" \/>\n<meta property=\"og:site_name\" content=\"Villa Sj\u00f6torp\" \/>\n<meta property=\"article:modified_time\" content=\"2026-04-22T21:47:12+00:00\" \/>\n<meta name=\"twitter:card\" content=\"summary_large_image\" \/>\n<meta name=\"twitter:label1\" content=\"Est. reading time\" \/>\n\t<meta name=\"twitter:data1\" content=\"2 minutes\" \/>\n<script type=\"application\/ld+json\" class=\"yoast-schema-graph\">{\"@context\":\"https:\\\/\\\/schema.org\",\"@graph\":[{\"@type\":\"WebPage\",\"@id\":\"https:\\\/\\\/www.villasjotorp.se\\\/en\\\/contact-us\\\/\",\"url\":\"https:\\\/\\\/www.villasjotorp.se\\\/en\\\/contact-us\\\/\",\"name\":\"Contact us - Villa Sj\u00f6torp\",\"isPartOf\":{\"@id\":\"https:\\\/\\\/www.villasjotorp.se\\\/en\\\/#website\"},\"datePublished\":\"2025-02-05T07:15:54+00:00\",\"dateModified\":\"2026-04-22T21:47:12+00:00\",\"breadcrumb\":{\"@id\":\"https:\\\/\\\/www.villasjotorp.se\\\/en\\\/contact-us\\\/#breadcrumb\"},\"inLanguage\":\"en-US\",\"potentialAction\":[{\"@type\":\"ReadAction\",\"target\":[\"https:\\\/\\\/www.villasjotorp.se\\\/en\\\/contact-us\\\/\"]}]},{\"@type\":\"BreadcrumbList\",\"@id\":\"https:\\\/\\\/www.villasjotorp.se\\\/en\\\/contact-us\\\/#breadcrumb\",\"itemListElement\":[{\"@type\":\"ListItem\",\"position\":1,\"name\":\"Hem\",\"item\":\"https:\\\/\\\/www.villasjotorp.se\\\/en\\\/\"},{\"@type\":\"ListItem\",\"position\":2,\"name\":\"Contact us\"}]},{\"@type\":\"WebSite\",\"@id\":\"https:\\\/\\\/www.villasjotorp.se\\\/en\\\/#website\",\"url\":\"https:\\\/\\\/www.villasjotorp.se\\\/en\\\/\",\"name\":\"Villa Sj\u00f6torp\",\"description\":\"Ett Hus Vid Havet\",\"potentialAction\":[{\"@type\":\"SearchAction\",\"target\":{\"@type\":\"EntryPoint\",\"urlTemplate\":\"https:\\\/\\\/www.villasjotorp.se\\\/en\\\/?s={search_term_string}\"},\"query-input\":{\"@type\":\"PropertyValueSpecification\",\"valueRequired\":true,\"valueName\":\"search_term_string\"}}],\"inLanguage\":\"en-US\"}]}<\/script>\n<!-- \/ Yoast SEO plugin. -->","yoast_head_json":{"title":"Contact us - Villa Sj\u00f6torp","robots":{"index":"index","follow":"follow","max-snippet":"max-snippet:-1","max-image-preview":"max-image-preview:large","max-video-preview":"max-video-preview:-1"},"canonical":"https:\/\/www.villasjotorp.se\/en\/contact-us\/","og_locale":"en_US","og_type":"article","og_title":"Contact us - Villa Sj\u00f6torp","og_description":"Contact usEmail: Info@www.villasjotorp.se Phone:0522-20174 Visiting address:Dirhuvudsv\u00e4gen, Lyckorna Postal address:Sj\u00f6torpsv\u00e4gen 5459 33 Ljungskile Find here When traveling by car and driving the E6, take the Ljungskile S exit and follow the signs towards Lyckorna and then towards Villa Sj\u00f6torp.Please note that the visitor address is not the same as the postal address, so please use the [&hellip;]","og_url":"https:\/\/www.villasjotorp.se\/en\/contact-us\/","og_site_name":"Villa Sj\u00f6torp","article_modified_time":"2026-04-22T21:47:12+00:00","twitter_card":"summary_large_image","twitter_misc":{"Est. reading time":"2 minutes"},"schema":{"@context":"https:\/\/schema.org","@graph":[{"@type":"WebPage","@id":"https:\/\/www.villasjotorp.se\/en\/contact-us\/","url":"https:\/\/www.villasjotorp.se\/en\/contact-us\/","name":"Contact us - Villa Sj\u00f6torp","isPartOf":{"@id":"https:\/\/www.villasjotorp.se\/en\/#website"},"datePublished":"2025-02-05T07:15:54+00:00","dateModified":"2026-04-22T21:47:12+00:00","breadcrumb":{"@id":"https:\/\/www.villasjotorp.se\/en\/contact-us\/#breadcrumb"},"inLanguage":"en-US","potentialAction":[{"@type":"ReadAction","target":["https:\/\/www.villasjotorp.se\/en\/contact-us\/"]}]},{"@type":"BreadcrumbList","@id":"https:\/\/www.villasjotorp.se\/en\/contact-us\/#breadcrumb","itemListElement":[{"@type":"ListItem","position":1,"name":"Hem","item":"https:\/\/www.villasjotorp.se\/en\/"},{"@type":"ListItem","position":2,"name":"Contact us"}]},{"@type":"WebSite","@id":"https:\/\/www.villasjotorp.se\/en\/#website","url":"https:\/\/www.villasjotorp.se\/en\/","name":"Villa Sj\u00f6torp","description":"Ett Hus Vid Havet","potentialAction":[{"@type":"SearchAction","target":{"@type":"EntryPoint","urlTemplate":"https:\/\/www.villasjotorp.se\/en\/?s={search_term_string}"},"query-input":{"@type":"PropertyValueSpecification","valueRequired":true,"valueName":"search_term_string"}}],"inLanguage":"en-US"}]}},"_links":{"self":[{"href":"https:\/\/www.villasjotorp.se\/en\/wp-json\/wp\/v2\/pages\/908","targetHints":{"allow":["GET"]}}],"collection":[{"href":"https:\/\/www.villasjotorp.se\/en\/wp-json\/wp\/v2\/pages"}],"about":[{"href":"https:\/\/www.villasjotorp.se\/en\/wp-json\/wp\/v2\/types\/page"}],"author":[{"embeddable":true,"href":"https:\/\/www.villasjotorp.se\/en\/wp-json\/wp\/v2\/users\/1"}],"replies":[{"embeddable":true,"href":"https:\/\/www.villasjotorp.se\/en\/wp-json\/wp\/v2\/comments?post=908"}],"version-history":[{"count":2,"href":"https:\/\/www.villasjotorp.se\/en\/wp-json\/wp\/v2\/pages\/908\/revisions"}],"predecessor-version":[{"id":1805,"href":"https:\/\/www.villasjotorp.se\/en\/wp-json\/wp\/v2\/pages\/908\/revisions\/1805"}],"wp:attachment":[{"href":"https:\/\/www.villasjotorp.se\/en\/wp-json\/wp\/v2\/media?parent=908"}],"curies":[{"name":"wp","href":"https:\/\/api.w.org\/{rel}","templated":true}]}}